{"id":14,"date":"2025-04-20T21:03:55","date_gmt":"2025-04-21T00:03:55","guid":{"rendered":"http:\/\/cursogenius.com.br\/?page_id=14"},"modified":"2025-04-21T18:20:17","modified_gmt":"2025-04-21T21:20:17","slug":"home","status":"publish","type":"page","link":"https:\/\/cursogenius.com.br\/","title":{"rendered":"Home"},"content":{"rendered":"\n<!-- Hero Section -->\n<section class=\"hero-section\">\n    <div class=\"container\">\n        <div class=\"hero-content\">\n            <h2 class=\"hero-title\">Seu Sucesso Come\u00e7a Aqui<\/h2>\n            <p class=\"hero-subtitle\">Refer\u00eancia em Curitiba na prepara\u00e7\u00e3o para concursos de sele\u00e7\u00e3o ao 6\u00ba ano nos Col\u00e9gios Militares e 1\u00ba ano do Ensino M\u00e9dio no CPM, CMC, SEPT\/UFPR e IFPR<\/p>\n            <div class=\"hero-buttons\">\n                <a href=\"#\" class=\"btn btn-primary\">Conhe\u00e7a Nossos Cursos<\/a>\n                <a href=\"#\" class=\"btn btn-accent\">Agende Uma Visita<\/a>\n            <\/div>\n        <\/div>\n    <\/div>\n<\/section>\n\n<!-- Features Section -->\n<section class=\"features-section\">\n    <div class=\"container\">\n        <h2 class=\"section-title\">Por que escolher o Curso Genius?<\/h2>\n        \n        <div class=\"features-container\">\n            <div class=\"feature-card\">\n                <div class=\"feature-icon\">\n                    <i class=\"fas fa-trophy\"><\/i>\n                <\/div>\n                <h3 class=\"feature-title\">Refer\u00eancia em Aprova\u00e7\u00f5es<\/h3>\n                <p class=\"feature-description\">Somos l\u00edderes em aprova\u00e7\u00f5es nos Col\u00e9gios Militares e institui\u00e7\u00f5es federais de Curitiba.<\/p>\n            <\/div>\n            \n            <div class=\"feature-card\">\n                <div class=\"feature-icon\">\n                    <i class=\"fas fa-graduation-cap\"><\/i>\n                <\/div>\n                <h3 class=\"feature-title\">Professores Especializados<\/h3>\n                <p class=\"feature-description\">Nossa equipe \u00e9 formada por profesores com ampla experi\u00eancia em concursos militares e federais.<\/p>\n            <\/div>\n            \n            <div class=\"feature-card\">\n                <div class=\"feature-icon\">\n                    <i class=\"fas fa-book\"><\/i>\n                <\/div>\n                <h3 class=\"feature-title\">Material Exclusivo<\/h3>\n                <p class=\"feature-description\">Apostilas e exerc\u00edcios desenvolvidos especificamente para os concursos do CPM, CMC, SEPT\/UFPR e IFPR.<\/p>\n            <\/div>\n            \n            <div class=\"feature-card\">\n                <div class=\"feature-icon\">\n                    <i class=\"fas fa-chart-line\"><\/i>\n                <\/div>\n                <h3 class=\"feature-title\">Alto \u00cdndice de Aprova\u00e7\u00e3o<\/h3>\n                <p class=\"feature-description\">Nossos alunos s\u00e3o aprovados nos processos seletivos mais concorridos de Curitiba.<\/p>\n            <\/div>\n            \n            <div class=\"feature-card\">\n                <div class=\"feature-icon\">\n                    <i class=\"fas fa-clock\"><\/i>\n                <\/div>\n                <h3 class=\"feature-title\">Hor\u00e1rios Flex\u00edveis<\/h3>\n                <p class=\"feature-description\">Oferecemos turmas em diversos hor\u00e1rios para se adequar \u00e0 rotina escolar do seu filho.<\/p>\n            <\/div>\n            \n            <div class=\"feature-card\">\n                <div class=\"feature-icon\">\n                    <i class=\"fas fa-users\"><\/i>\n                <\/div>\n                <h3 class=\"feature-title\">Turmas Reduzidas<\/h3>\n                <p class=\"feature-description\">Atendimento personalizado com turmas de no m\u00e1ximo 30 alunos para melhor aproveitamento.<\/p>\n            <\/div>\n        <\/div>\n    <\/div>\n<\/section>\n\n<!-- About Section -->\n<section class=\"about-section\">\n    <div class=\"container\">\n        <div class=\"about-container\">\n            <div class=\"about-image\">\n                <img decoding=\"async\" src=\"[URL_DA_IMAGEM_SOBRE]\" alt=\"Sobre o Curso Genius\">\n            <\/div>\n            \n            <div class=\"about-content\">\n                <h2 class=\"about-title\">Sobre o Curso Genius<\/h2>\n                <p class=\"about-text\">Fundado em 2007, o Curso Genius se tornou refer\u00eancia em Curitiba na prepara\u00e7\u00e3o para os concursos de sele\u00e7\u00e3o ao 6\u00ba ano nos Col\u00e9gios Militares e sele\u00e7\u00e3o ao 1\u00ba ano do Ensino M\u00e9dio no CPM, CMC, SEPT\/UFPR e IFPR.<\/p>\n                <p class=\"about-text\">Nossa metodologia exclusiva combina excel\u00eancia acad\u00eamica, suporte personalizado e tecnologia educacional, garantindo que nossos alunos estejam preparados para enfrentar os desafios dos processos seletivos mais concorridos da cidade.<\/p>\n                <a href=\"#\" class=\"btn btn-primary\">Conhe\u00e7a Nossa Hist\u00f3ria<\/a>\n            <\/div>\n        <\/div>\n    <\/div>\n<\/section>\n\n<!-- Courses Section -->\n<section class=\"courses-section\">\n    <div class=\"container\">\n        <h2 class=\"section-title\">Nossos Cursos<\/h2>\n        \n        <div class=\"courses-container\">\n            <div class=\"course-card\">\n                <div class=\"course-image\">\n                    <img decoding=\"async\" src=\"[URL_DA_IMAGEM_CURSO_1]\" alt=\"Curso Extensivo\">\n                <\/div>\n                <div class=\"course-content\">\n                    <h3 class=\"course-title\">Curso Extensivo<\/h3>\n                    <p class=\"course-description\">Prepara\u00e7\u00e3o completa para vestibulares com dura\u00e7\u00e3o de 1 ano.<\/p>\n                    <div class=\"course-meta\">\n                        <span><i class=\"far fa-clock\"><\/i> 12 meses<\/span>\n                        <span><i class=\"fas fa-user-graduate\"><\/i> Presencial<\/span>\n                    <\/div>\n                    <a href=\"#\" class=\"btn btn-primary\">Saiba Mais<\/a>\n                <\/div>\n            <\/div>\n            \n            <div class=\"course-card\">\n                <div class=\"course-image\">\n                    <img decoding=\"async\" src=\"[URL_DA_IMAGEM_CURSO_2]\" alt=\"Curso Semi-Intensivo\">\n                <\/div>\n                <div class=\"course-content\">\n                    <h3 class=\"course-title\">Curso Semi-Intensivo<\/h3>\n                    <p class=\"course-description\">Prepara\u00e7\u00e3o acelerada com foco nos principais conte\u00fados.<\/p>\n                    <div class=\"course-meta\">\n                        <span><i class=\"far fa-clock\"><\/i> 6 meses<\/span>\n                        <span><i class=\"fas fa-user-graduate\"><\/i> Presencial<\/span>\n                    <\/div>\n                    <a href=\"#\" class=\"btn btn-primary\">Saiba Mais<\/a>\n                <\/div>\n            <\/div>\n            \n            <div class=\"course-card\">\n                <div class=\"course-image\">\n                    <img decoding=\"async\" src=\"[URL_DA_IMAGEM_CURSO_3]\" alt=\"Curso Intensivo\">\n                <\/div>\n                <div class=\"course-content\">\n                    <h3 class=\"course-title\">Curso Intensivo<\/h3>\n                    <p class=\"course-description\">Revis\u00e3o completa e resolu\u00e7\u00e3o de exerc\u00edcios em tempo reduzido.<\/p>\n                    <div class=\"course-meta\">\n                        <span><i class=\"far fa-clock\"><\/i> 3 meses<\/span>\n                        <span><i class=\"fas fa-user-graduate\"><\/i> Presencial<\/span>\n                    <\/div>\n                    <a href=\"#\" class=\"btn btn-primary\">Saiba Mais<\/a>\n                <\/div>\n            <\/div>\n            \n            <div class=\"course-card\">\n                <div class=\"course-image\">\n                    <img decoding=\"async\" src=\"[URL_DA_IMAGEM_CURSO_4]\" alt=\"Preparat\u00f3rio Col\u00e9gio Militar\">\n                <\/div>\n                <div class=\"course-content\">\n                    <h3 class=\"course-title\">Preparat\u00f3rio Col\u00e9gio Militar<\/h3>\n                    <p class=\"course-description\">Curso espec\u00edfico para o concurso de admiss\u00e3o ao 6\u00ba ano do Col\u00e9gio Militar de Curitiba.<\/p>\n                    <div class=\"course-meta\">\n                        <span><i class=\"far fa-clock\"><\/i> 8 meses<\/span>\n                        <span><i class=\"fas fa-user-graduate\"><\/i> Presencial<\/span>\n                    <\/div>\n                    <a href=\"#\" class=\"btn btn-primary\">Saiba Mais<\/a>\n                <\/div>\n            <\/div>\n            \n            <div class=\"course-card\">\n                <div class=\"course-image\">\n                    <img decoding=\"async\" src=\"[URL_DA_IMAGEM_CURSO_5]\" alt=\"Preparat\u00f3rio CPM\">\n                <\/div>\n                <div class=\"course-content\">\n                    <h3 class=\"course-title\">Preparat\u00f3rio CPM<\/h3>\n                    <p class=\"course-description\">Prepara\u00e7\u00e3o espec\u00edfica para o processo seletivo do Col\u00e9gio da Pol\u00edcia Militar do Paran\u00e1.<\/p>\n                    <div class=\"course-meta\">\n                        <span><i class=\"far fa-clock\"><\/i> 6 meses<\/span>\n                        <span><i class=\"fas fa-user-graduate\"><\/i> Presencial<\/span>\n                    <\/div>\n                    <a href=\"#\" class=\"btn btn-primary\">Saiba Mais<\/a>\n                <\/div>\n            <\/div>\n            \n            <div class=\"course-card\">\n                <div class=\"course-image\">\n                    <img decoding=\"async\" src=\"[URL_DA_IMAGEM_CURSO_6]\" alt=\"Preparat\u00f3rio IFPR\/SEPT\">\n                <\/div>\n                <div class=\"course-content\">\n                    <h3 class=\"course-title\">Preparat\u00f3rio IFPR\/SEPT<\/h3>\n                    <p class=\"course-description\">Curso focado nos processos seletivos do IFPR e SEPT\/UFPR para o Ensino M\u00e9dio.<\/p>\n                    <div class=\"course-meta\">\n                        <span><i class=\"far fa-clock\"><\/i> 6 meses<\/span>\n                        <span><i class=\"fas fa-user-graduate\"><\/i> Presencial<\/span>\n                    <\/div>\n                    <a href=\"#\" class=\"btn btn-primary\">Saiba Mais<\/a>\n                <\/div>\n            <\/div>\n        <\/div>\n    <\/div>\n<\/section>\n\n<!-- Testimonials Section -->\n<section class=\"testimonials-section\">\n    <div class=\"container\">\n        <h2 class=\"section-title\">Depoimentos de Alunos<\/h2>\n        \n        <div class=\"testimonials-container\">\n            <div class=\"testimonial-card\">\n                <p class=\"testimonial-text\">O Curso Genius foi fundamental para minha aprova\u00e7\u00e3o no Col\u00e9gio Militar de Curitiba. A metodologia e o suporte dos professores fizeram toda a diferen\u00e7a na minha prepara\u00e7\u00e3o.<\/p>\n                <div class=\"testimonial-author\">\n                    <div class=\"author-image\">\n                        <img decoding=\"async\" src=\"[URL_DA_IMAGEM_DEPOIMENTO_1]\" alt=\"Lucas Oliveira\">\n                    <\/div>\n                    <div class=\"author-info\">\n                        <h4>Lucas Oliveira<\/h4>\n                        <p>Aprovado no CMC &#8211; 2024<\/p>\n                    <\/div>\n                <\/div>\n            <\/div>\n            \n            <div class=\"testimonial-card\">\n                <p class=\"testimonial-text\">Estudei no Curso Genius por um ano e consegui minha aprova\u00e7\u00e3o no CPM. Os simulados e o material did\u00e1tico s\u00e3o excelentes e totalmente focados no conte\u00fado da prova!<\/p>\n                <div class=\"testimonial-author\">\n                    <div class=\"author-image\">\n                        <img decoding=\"async\" src=\"[URL_DA_IMAGEM_DEPOIMENTO_2]\" alt=\"Mariana Santos\">\n                    <\/div>\n                    <div class=\"author-info\">\n                        <h4>Mariana Santos<\/h4>\n                        <p>Aprovada no CPM &#8211; 2024<\/p>\n                    <\/div>\n                <\/div>\n            <\/div>\n            \n            <div class=\"testimonial-card\">\n                <p class=\"testimonial-text\">Gra\u00e7as ao Curso Genius, fui aprovado no IFPR. As aulas s\u00e3o din\u00e2micas e os professores realmente se importam com o sucesso dos alunos. Recomendo a todos!<\/p>\n                <div class=\"testimonial-author\">\n                    <div class=\"author-image\">\n                        <img decoding=\"async\" src=\"[URL_DA_IMAGEM_DEPOIMENTO_3]\" alt=\"Gabriel Martins\">\n                    <\/div>\n                    <div class=\"author-info\">\n                        <h4>Gabriel Martins<\/h4>\n                        <p>Aprovado no IFPR &#8211; 2024<\/p>\n                    <\/div>\n                <\/div>\n            <\/div>\n        <\/div>\n    <\/div>\n<\/section>\n\n<!-- Stats Section -->\n<section class=\"stats-section\">\n    <div class=\"container\">\n        <h2 class=\"section-title\">Nossos Resultados<\/h2>\n        \n        <div class=\"stats-container\">\n            <div class=\"stat-item\">\n                <div class=\"stat-number\">95%<\/div>\n                <div class=\"stat-label\">Taxa de aprova\u00e7\u00e3o no Col\u00e9gio Militar<\/div>\n            <\/div>\n            \n            <div class=\"stat-item\">\n                <div class=\"stat-number\">92%<\/div>\n                <div class=\"stat-label\">Taxa de aprova\u00e7\u00e3o no CPM<\/div>\n            <\/div>\n            \n            <div class=\"stat-item\">\n                <div class=\"stat-number\">88%<\/div>\n                <div class=\"stat-label\">Taxa de aprova\u00e7\u00e3o no IFPR<\/div>\n            <\/div>\n            \n            <div class=\"stat-item\">\n                <div class=\"stat-number\">85%<\/div>\n                <div class=\"stat-label\">Taxa de aprova\u00e7\u00e3o no SEPT\/UFPR<\/div>\n            <\/div>\n        <\/div>\n    <\/div>\n<\/section>\n\n<!-- CTA Section -->\n<section class=\"cta-section\">\n    <div class=\"container\">\n        <h2 class=\"cta-title\">Comece a prepara\u00e7\u00e3o do seu filho hoje mesmo!<\/h2>\n        <p class=\"cta-text\">Agende uma visita e conhe\u00e7a nossa estrutura, metodologia e equipe. Oferecemos uma aula experimental gratuita para que seu filho possa experimentar a qualidade do nosso ensino.<\/p>\n        <a href=\"#\" class=\"btn btn-accent\">Agendar Visita<\/a>\n    <\/div>\n<\/section>\n\n\n<p>[genius_assistente]<\/p>\n","protected":false},"excerpt":{"rendered":"<p>Seu Sucesso Come\u00e7a Aqui Refer\u00eancia em Curitiba na prepara\u00e7\u00e3o para concursos de sele\u00e7\u00e3o ao 6\u00ba ano nos Col\u00e9gios Militares e 1\u00ba ano do Ensino M\u00e9dio no CPM, CMC, SEPT\/UFPR e IFPR Conhe\u00e7a Nossos Cursos Agende Uma Visita Por que escolher o Curso Genius? Refer\u00eancia em Aprova\u00e7\u00f5es Somos l\u00edderes em aprova\u00e7\u00f5es nos Col\u00e9gios Militares e institui\u00e7\u00f5es [&hellip;]<\/p>\n","protected":false},"author":1,"featured_media":0,"parent":0,"menu_order":0,"comment_status":"closed","ping_status":"closed","template":"","meta":{"footnotes":""},"class_list":["post-14","page","type-page","status-publish","hentry"],"_links":{"self":[{"href":"https:\/\/cursogenius.com.br\/index.php\/wp-json\/wp\/v2\/pages\/14","targetHints":{"allow":["GET"]}}],"collection":[{"href":"https:\/\/cursogenius.com.br\/index.php\/wp-json\/wp\/v2\/pages"}],"about":[{"href":"https:\/\/cursogenius.com.br\/index.php\/wp-json\/wp\/v2\/types\/page"}],"author":[{"embeddable":true,"href":"https:\/\/cursogenius.com.br\/index.php\/wp-json\/wp\/v2\/users\/1"}],"replies":[{"embeddable":true,"href":"https:\/\/cursogenius.com.br\/index.php\/wp-json\/wp\/v2\/comments?post=14"}],"version-history":[{"count":11,"href":"https:\/\/cursogenius.com.br\/index.php\/wp-json\/wp\/v2\/pages\/14\/revisions"}],"predecessor-version":[{"id":43,"href":"https:\/\/cursogenius.com.br\/index.php\/wp-json\/wp\/v2\/pages\/14\/revisions\/43"}],"wp:attachment":[{"href":"https:\/\/cursogenius.com.br\/index.php\/wp-json\/wp\/v2\/media?parent=14"}],"curies":[{"name":"wp","href":"https:\/\/api.w.org\/{rel}","templated":true}]}}